{"id":6698,"date":"2018-08-03T08:44:05","date_gmt":"2018-08-03T08:44:05","guid":{"rendered":"http:\/\/labtechco.themestek.com\/?page_id=6698"},"modified":"2020-10-22T22:21:51","modified_gmt":"2020-10-23T01:21:51","slug":"visto","status":"publish","type":"page","link":"https:\/\/berlintostay.com\/en\/visto\/","title":{"rendered":"Visa"},"content":{"rendered":"<div data-vc-full-width=\"true\" data-vc-full-width-init=\"false\" class=\"themestek-row wpb_row vc_row-fluid vc_rtl-columns-reverse themestek-total-col-1 themestek-zindex-0 themestek-bgcolor-white themestek-bgimage-position-center_center\">\n        \t\t <div class=\"vc_row container\"> \t\t<div class=\"themestek-column wpb_column vc_column_container vc_col-sm-12 themestek-zindex-0\">\n\t<div class=\"vc_column-inner\">\n\t\t\t\t<div class=\"wpb_wrapper\">\n\t\t\t<div class=\"themestek-boxes themestek-boxes-service themestek-boxes-view-default themestek-boxes-service-style-2 themestek-boxes-col-three themestek-boxes-sortable-no themestek-boxes-textalign-center themestek-boxes-sortablebutton- themestek-heading-position-\" data-themestek-headingpos=\"\" >\r\n\t\t<div class=\"themestek-boxes-inner themestek-boxes-service-inner\">\r\n\t\t\t\r\n\t\t\t<div class=\"row multi-columns-row themestek-boxes-row-wrapper\">\r\n\t\t\t\t<div class=\"themestek-box-col-wrapper col-lg-4 col-sm-6 col-md-4 col-xs-12\"><article class=\"themestek-box themestek-box-service themestek-servicebox-style-2\">\n\t<div class=\"themestek-post-item\">\n\t\t\t\t<div class=\"themestek-box-content\">\n            <div class=\"themestek-box-content-inner\">\n\t\t\t\t\t<div class=\"ts-ihbox-icon\">\n\t\t\t\t\t\t<i class=\"fa fa-map-marker\"><\/i>\t\t\t\t\t<\/div>\n\t\t\t\t <div class=\"themestek-des\">\n\t\t\t\t\t<h3><a href=\"https:\/\/berlintostay.com\/en\/visa\/vistos\/\">Visas<\/a><\/h3>\n\t\t\t\t\t\t\n\t\t\t\t\t<div class=\"themestek-box-link themestek-vc_btn3\">\n\t\t\t\t\t\t<a class=\"themestek-vc_general themestek-vc_btn3 themestek-vc_btn3-size-md themestek-vc_btn3-shape-rounded themestek-vc_btn3-style-outline themestek-vc_btn3-weight-no themestek-vc_btn3-color-black\" href=\"https:\/\/berlintostay.com\/en\/visa\/vistos\/\"><span>Read More<\/span><\/a>\n\t\t\t\t\t<\/div>\n\t\t\t\t<\/div>\n\t\t\t<\/div>\t\t\n\t\t<\/div>\n\t<\/div>\n<\/article><\/div><div class=\"themestek-box-col-wrapper col-lg-4 col-sm-6 col-md-4 col-xs-12 visto-estudante\"><article class=\"themestek-box themestek-box-service themestek-servicebox-style-2\">\n\t<div class=\"themestek-post-item\">\n\t\t\t\t<div class=\"themestek-box-content\">\n            <div class=\"themestek-box-content-inner\">\n\t\t\t\t\t<div class=\"ts-ihbox-icon\">\n\t\t\t\t\t\t<i class=\"themestek-liviza-business-icon themestek-liviza-business-icon-passport\"><\/i>\t\t\t\t\t<\/div>\n\t\t\t\t <div class=\"themestek-des\">\n\t\t\t\t\t<h3><a href=\"https:\/\/berlintostay.com\/en\/visa\/visto-estudante\/\">Student visa<\/a><\/h3>\n\t\t\t\t\t\t\n\t\t\t\t\t<div class=\"themestek-box-link themestek-vc_btn3\">\n\t\t\t\t\t\t<a class=\"themestek-vc_general themestek-vc_btn3 themestek-vc_btn3-size-md themestek-vc_btn3-shape-rounded themestek-vc_btn3-style-outline themestek-vc_btn3-weight-no themestek-vc_btn3-color-black\" href=\"https:\/\/berlintostay.com\/en\/visa\/visto-estudante\/\"><span>Read More<\/span><\/a>\n\t\t\t\t\t<\/div>\n\t\t\t\t<\/div>\n\t\t\t<\/div>\t\t\n\t\t<\/div>\n\t<\/div>\n<\/article><\/div><div class=\"themestek-box-col-wrapper col-lg-4 col-sm-6 col-md-4 col-xs-12 visto-trabalho\"><article class=\"themestek-box themestek-box-service themestek-servicebox-style-2\">\n\t<div class=\"themestek-post-item\">\n\t\t\t\t<div class=\"themestek-box-content\">\n            <div class=\"themestek-box-content-inner\">\n\t\t\t\t\t<div class=\"ts-ihbox-icon\">\n\t\t\t\t\t\t<i class=\"themestek-liviza-business-icon themestek-liviza-business-icon-suitcase\"><\/i>\t\t\t\t\t<\/div>\n\t\t\t\t <div class=\"themestek-des\">\n\t\t\t\t\t<h3><a href=\"https:\/\/berlintostay.com\/en\/visa\/visto-trabalho\/\">Work visa<\/a><\/h3>\n\t\t\t\t\t\t\n\t\t\t\t\t<div class=\"themestek-box-link themestek-vc_btn3\">\n\t\t\t\t\t\t<a class=\"themestek-vc_general themestek-vc_btn3 themestek-vc_btn3-size-md themestek-vc_btn3-shape-rounded themestek-vc_btn3-style-outline themestek-vc_btn3-weight-no themestek-vc_btn3-color-black\" href=\"https:\/\/berlintostay.com\/en\/visa\/visto-trabalho\/\"><span>Read More<\/span><\/a>\n\t\t\t\t\t<\/div>\n\t\t\t\t<\/div>\n\t\t\t<\/div>\t\t\n\t\t<\/div>\n\t<\/div>\n<\/article><\/div><div class=\"themestek-box-col-wrapper col-lg-4 col-sm-6 col-md-4 col-xs-12 visto-turista\"><article class=\"themestek-box themestek-box-service themestek-servicebox-style-2\">\n\t<div class=\"themestek-post-item\">\n\t\t\t\t<div class=\"themestek-box-content\">\n            <div class=\"themestek-box-content-inner\">\n\t\t\t\t\t<div class=\"ts-ihbox-icon\">\n\t\t\t\t\t\t<i class=\"themestek-liviza-business-icon themestek-liviza-business-icon-airplane\"><\/i>\t\t\t\t\t<\/div>\n\t\t\t\t <div class=\"themestek-des\">\n\t\t\t\t\t<h3><a href=\"https:\/\/berlintostay.com\/en\/visa\/visto-turista\/\">Tourist visa<\/a><\/h3>\n\t\t\t\t\t\t\n\t\t\t\t\t<div class=\"themestek-box-link themestek-vc_btn3\">\n\t\t\t\t\t\t<a class=\"themestek-vc_general themestek-vc_btn3 themestek-vc_btn3-size-md themestek-vc_btn3-shape-rounded themestek-vc_btn3-style-outline themestek-vc_btn3-weight-no themestek-vc_btn3-color-black\" href=\"https:\/\/berlintostay.com\/en\/visa\/visto-turista\/\"><span>Read More<\/span><\/a>\n\t\t\t\t\t<\/div>\n\t\t\t\t<\/div>\n\t\t\t<\/div>\t\t\n\t\t<\/div>\n\t<\/div>\n<\/article><\/div><div class=\"themestek-box-col-wrapper col-lg-4 col-sm-6 col-md-4 col-xs-12 visto-diplomatico\"><article class=\"themestek-box themestek-box-service themestek-servicebox-style-2\">\n\t<div class=\"themestek-post-item\">\n\t\t\t\t<div class=\"themestek-box-content\">\n            <div class=\"themestek-box-content-inner\">\n\t\t\t\t\t<div class=\"ts-ihbox-icon\">\n\t\t\t\t\t\t<i class=\"themestek-liviza-business-icon themestek-liviza-business-icon-coaching\"><\/i>\t\t\t\t\t<\/div>\n\t\t\t\t <div class=\"themestek-des\">\n\t\t\t\t\t<h3><a href=\"https:\/\/berlintostay.com\/en\/visa\/visto-diplomatico\/\">Diplomatic visa<\/a><\/h3>\n\t\t\t\t\t\t\n\t\t\t\t\t<div class=\"themestek-box-link themestek-vc_btn3\">\n\t\t\t\t\t\t<a class=\"themestek-vc_general themestek-vc_btn3 themestek-vc_btn3-size-md themestek-vc_btn3-shape-rounded themestek-vc_btn3-style-outline themestek-vc_btn3-weight-no themestek-vc_btn3-color-black\" href=\"https:\/\/berlintostay.com\/en\/visa\/visto-diplomatico\/\"><span>Read More<\/span><\/a>\n\t\t\t\t\t<\/div>\n\t\t\t\t<\/div>\n\t\t\t<\/div>\t\t\n\t\t<\/div>\n\t<\/div>\n<\/article><\/div>\r\n\t\t\t<\/div>\r\n\t\t<\/div><!-- .themestek-boxes-inner -->   <\/div><!-- .themestek-boxes -->  \t\t<\/div>\n\t<\/div>\n<\/div>\n\t <\/div> <\/div>\n<div class=\"vc_row-full-width vc_clearfix\"><\/div>","protected":false},"excerpt":{"rendered":"Portadores de Passaporte Diplom\u00e1tico ou Oficial Brasileiros com passaporte diplom\u00e1tico est\u00e3o dispensados de visto por prazo indefinido. Brasileiros com passaporte oficial ou de servi\u00e7o est\u00e3o dispensados de visto por prazo indefinido. As informa\u00e7\u00f5es acima s\u00e3o apenas indicativas, estando sujeitas a mudan\u00e7as sem aviso pr\u00e9vio. \u00c9 indispens\u00e1vel, ao planejar uma viagem de turismo ou de neg\u00f3cios, &hellip; <a href=\"https:\/\/berlintostay.com\/en\/visa\/visto-diplomatico\/\" class=\"more-link\">Continue reading <span class=\"screen-reader-text\">Diplomatic visa<\/span><\/a>","protected":false},"author":1,"featured_media":0,"parent":0,"menu_order":5,"comment_status":"closed","ping_status":"closed","template":"","meta":{"footnotes":""},"class_list":["post-6698","page","type-page","status-publish","hentry"],"_links":{"self":[{"href":"https:\/\/berlintostay.com\/en\/wp-json\/wp\/v2\/pages\/6698","targetHints":{"allow":["GET"]}}],"collection":[{"href":"https:\/\/berlintostay.com\/en\/wp-json\/wp\/v2\/pages"}],"about":[{"href":"https:\/\/berlintostay.com\/en\/wp-json\/wp\/v2\/types\/page"}],"author":[{"embeddable":true,"href":"https:\/\/berlintostay.com\/en\/wp-json\/wp\/v2\/users\/1"}],"replies":[{"embeddable":true,"href":"https:\/\/berlintostay.com\/en\/wp-json\/wp\/v2\/comments?post=6698"}],"version-history":[{"count":2,"href":"https:\/\/berlintostay.com\/en\/wp-json\/wp\/v2\/pages\/6698\/revisions"}],"predecessor-version":[{"id":13814,"href":"https:\/\/berlintostay.com\/en\/wp-json\/wp\/v2\/pages\/6698\/revisions\/13814"}],"wp:attachment":[{"href":"https:\/\/berlintostay.com\/en\/wp-json\/wp\/v2\/media?parent=6698"}],"curies":[{"name":"wp","href":"https:\/\/api.w.org\/{rel}","templated":true}]}}