{"id":6669,"date":"2018-08-03T08:06:05","date_gmt":"2018-08-03T08:06:05","guid":{"rendered":"http:\/\/labtechco.themestek.com\/?page_id=6669"},"modified":"2020-12-28T18:50:33","modified_gmt":"2020-12-28T21:50:33","slug":"sobre-nos","status":"publish","type":"page","link":"https:\/\/berlintostay.com\/en\/sobre-nos\/","title":{"rendered":"About us"},"content":{"rendered":"<div class=\"themestek-row wpb_row vc_row-fluid themestek-responsive-custom-66659895 vc_rtl-columns-reverse themestek-break-col-991 themestek-total-col-2 themestek-zindex-0 vc_row container themestek-bgimage-position-center_center\">\n        \t\t\t\t<div class=\"themestek-column wpb_column vc_column_container vc_col-sm-6 themestek-zindex-0\">\n\t<div class=\"vc_column-inner\">\n\t\t\t\t<div class=\"wpb_wrapper\">\n\t\t\t\n\t<div  class=\"wpb_single_image wpb_content_element vc_align_left   ts-image-shadow-1 ts-border-radius-1\">\n\t\t\n\t\t<figure class=\"wpb_wrapper vc_figure\">\n\t\t\t<div class=\"vc_single_image-wrapper   vc_box_border_grey\"><img fetchpriority=\"high\" decoding=\"async\" class=\"vc_single_image-img\" src=\"https:\/\/berlintostay.com\/wp-content\/uploads\/2020\/12\/Sobre-Nos-530x540.png\" width=\"530\" height=\"540\" alt=\"Sobre N\u00f3s\" title=\"About us\" \/><\/div>\n\t\t<\/figure>\n\t<\/div>\n\t\t<\/div>\n\t<\/div>\n<\/div>\n<div class=\"themestek-column wpb_column vc_column_container vc_col-sm-6 themestek-zindex-0\">\n\t<div class=\"vc_column-inner vc_custom_1580792064772\">\n\t\t\t\t<div class=\"wpb_wrapper\">\n\t\t\t<div class=\"themestek-element-heading-wrapper themestek-heading-inner themestek-element-align-left themestek-seperator-none\"><section class=\"themestek-vc_cta3-container\"><div class=\"themestek-vc_general themestek-vc_cta3 themestek-cta3-only themestek-vc_cta3-style-classic themestek-vc_cta3-shape-rounded themestek-vc_cta3-align-left themestek-vc_cta3-color-transparent themestek-vc_cta3-icon-size-md themestek-vc_cta3-actions-no themestek-cta3-without-desc\"><div class=\"themestek-vc_cta3_content-container\"><div class=\"themestek-vc_cta3-content\"><div class=\"themestek-vc_cta3-content-header themestek-wrap\"><div class=\"themestek-vc_cta3-headers themestek-wrap-cell\"><h4 class=\"themestek-custom-heading\" >About us<\/h4>\n<h2 class=\"themestek-custom-heading\" ><em>Berlin to Stay<\/em><\/h2>\n<\/div><\/div><\/div><\/div><\/div><\/section><\/div> <!-- .themestek-element-heading-wrapper container --> \n\t<div class=\"wpb_text_column wpb_content_element\" >\n\t\t<div class=\"wpb_wrapper\">\n\t\t\t<p>Berlin to Stay is formed by a young team who is dedicated to meeting the most challenging demands on expats. Our goal is to facilitate the process of moving into Germany, promoting a better transition to your new place of residence.<\/p>\n<p>In order to make the transition as smooth as possible and not to forget about the smallest details, we are here to help you in this new phase.<br \/>\nRecognized for the quality and agility of its services, we serve companies and individuals, our services cover all aspects of relocation: visas, documents, naturalization of personal scope, such as housing, school hunting, tourism and others that we customize according to the needs of the client.<\/p>\n\n\t\t<\/div>\n\t<\/div>\n<ul class=\"themestek-list themestek-list-style-icon themestek-list-icon-color-skincolor themestek- themestek-icon-skincolor themestek-list-textsize- themestek-list-icon-library-themestek_liviza_business_icon themestek-list-sep\"><li><i class=\"themestek-skincolor themestek-liviza-business-icon themestek-liviza-business-icon-check\"><\/i>  <span class=\"themestek-list-li-content\"><b>Mission:<\/b> Our mission is to exceed our clients' expectations in providing services of excellence and commitment.<\/span><\/li><li><i class=\"themestek-skincolor themestek-liviza-business-icon themestek-liviza-business-icon-check\"><\/i>  <span class=\"themestek-list-li-content\"><b>Vision:<\/b> To be a leading company in the market, providing an excellent service until its completion, differentiating itself by the quality of the work.\n<\/span><\/li><li><i class=\"themestek-skincolor themestek-liviza-business-icon themestek-liviza-business-icon-check\"><\/i>  <span class=\"themestek-list-li-content\"><b>Values:<\/b> The continuous search for improvement and respect for the client with integrity and ethics in the professional conduct.\n<\/span><\/li><\/ul>\n\t\t<div class=\"themestek-vc_btn3-container themestek-vc_btn3-inline vc_custom_1608632808188\"><a class=\"themestek-vc_general themestek-vc_btn3 themestek-vc_btn3-size-md themestek-vc_btn3-shape-rounded themestek-vc_btn3-style-classic themestek-vc_btn3-weight-yes themestek-vc_btn3-color-skincolor\" href=\"http:\/\/berlintostay.com\/en\/servicos\/\" title=\"\"><span>About our services<\/span><\/a><\/div>\t\t<\/div>\n\t<\/div>\n<\/div>\n\t<\/div>\n<div class=\"themestek-row wpb_row vc_row-fluid vc_rtl-columns-reverse themestek-total-col-1 themestek-zindex-0 vc_row container themestek-bgimage-position-center_center\">\n        \t\t\t\t<div class=\"themestek-column wpb_column vc_column_container vc_col-sm-12 themestek-zindex-0\">\n\t<div class=\"vc_column-inner\">\n\t\t\t\t<div class=\"wpb_wrapper\">\n\t\t\t\n\t<div class=\"wpb_text_column wpb_content_element\" >\n\t\t<div class=\"wpb_wrapper\">\n\t\t\t<p>&nbsp;<\/p>\n\n\t\t<\/div>\n\t<\/div>\n\t\t<\/div>\n\t<\/div>\n<\/div>\n\t<\/div>","protected":false},"excerpt":{"rendered":"Sobre N\u00f3s Berlin to Stay A Berlin To Stay e\u0301 formada por uma equipe jovem e dedicada em atender as mais desafiantes demandas em ex-patriaca\u0303o. Nosso objetivo e\u0301 facilitar o processo de mudan\u00e7a, promovendo uma melhor adapta\u00e7\u00e3o a seu novo local de resid\u00eancia. Para realizar uma mudan\u00e7a de forma mais tranquila poss\u00edvel e pensar nos &hellip; <a href=\"https:\/\/berlintostay.com\/en\/sobre-nos\/\" class=\"more-link\">Continue reading <span class=\"screen-reader-text\">About us<\/span><\/a>","protected":false},"author":1,"featured_media":0,"parent":0,"menu_order":7,"comment_status":"closed","ping_status":"closed","template":"","meta":{"footnotes":""},"class_list":["post-6669","page","type-page","status-publish","hentry"],"_links":{"self":[{"href":"https:\/\/berlintostay.com\/en\/wp-json\/wp\/v2\/pages\/6669","targetHints":{"allow":["GET"]}}],"collection":[{"href":"https:\/\/berlintostay.com\/en\/wp-json\/wp\/v2\/pages"}],"about":[{"href":"https:\/\/berlintostay.com\/en\/wp-json\/wp\/v2\/types\/page"}],"author":[{"embeddable":true,"href":"https:\/\/berlintostay.com\/en\/wp-json\/wp\/v2\/users\/1"}],"replies":[{"embeddable":true,"href":"https:\/\/berlintostay.com\/en\/wp-json\/wp\/v2\/comments?post=6669"}],"version-history":[{"count":9,"href":"https:\/\/berlintostay.com\/en\/wp-json\/wp\/v2\/pages\/6669\/revisions"}],"predecessor-version":[{"id":13943,"href":"https:\/\/berlintostay.com\/en\/wp-json\/wp\/v2\/pages\/6669\/revisions\/13943"}],"wp:attachment":[{"href":"https:\/\/berlintostay.com\/en\/wp-json\/wp\/v2\/media?parent=6669"}],"curies":[{"name":"wp","href":"https:\/\/api.w.org\/{rel}","templated":true}]}}