{"id":13983,"date":"2025-06-24T10:39:34","date_gmt":"2025-06-24T13:39:34","guid":{"rendered":"http:\/\/berlintostay.com\/?page_id=13983"},"modified":"2025-06-24T17:12:40","modified_gmt":"2025-06-24T20:12:40","slug":"excursao-wp","status":"publish","type":"page","link":"https:\/\/berlintostay.com\/en\/excursao-wp\/","title":{"rendered":"Excurs\u00e3o Europa 2026"},"content":{"rendered":"<p><script src=\"https:\/\/cdn.tailwindcss.com\"><\/script><\/p>\n<style>\n        .hero-bg {<br \/>\n            background: linear-gradient(rgba(0, 0, 0, 0.6), rgba(0, 0, 0, 0.6)),<br \/>\n                        url('https:\/\/berlintostay.com\/excursao\/bg-fundo.jpg');<br \/>\n            background-size: cover;<br \/>\n            background-position: center;<br \/>\n        }<\/p>\n<p>        .destination-card {<br \/>\n            transition: all 0.3s ease;<br \/>\n        }<\/p>\n<p>        .destination-card:hover {<br \/>\n            transform: translateY(-5px);<br \/>\n            box-shadow: 0 10px 25px rgba(0, 0, 0, 0.2);<br \/>\n        }<\/p>\n<p>        .testimonial-card {<br \/>\n            background: rgba(255, 255, 255, 0.9);<br \/>\n            backdrop-filter: blur(5px);<br \/>\n        }<\/p>\n<p>        .timeline-item:not(:last-child)::after {<br \/>\n            content: '';<br \/>\n            position: absolute;<br \/>\n            left: 50%;<br \/>\n            bottom: -20px;<br \/>\n            width: 2px;<br \/>\n            height: 20px;<br \/>\n            background-color: #f59e0b;<br \/>\n            transform: translateX(-50%);<br \/>\n        }<\/p>\n<p>        @media (max-width: 768px) {<br \/>\n            .timeline-item:not(:last-child)::after {<br \/>\n                left: 20px;<br \/>\n                bottom: -20px;<br \/>\n            }<br \/>\n        }<br \/>\n    <\/style>\n<p><!-- Hero Section --><\/p>\n<section class=\"hero-bg min-h-screen flex items-center justify-center text-white py-20 px-4\">\n<div class=\"container mx-auto text-center\">\n<div class=\"mb-6\"><span class=\"bg-yellow-400 text-black px-4 py-2 rounded-full font-bold text-sm\">VIAGEM EXCLUSIVA 2026<\/span><\/div>\n<h1 class=\"text-4xl md:text-6xl font-bold mb-6\">Excurs\u00e3o Europa 2026<\/h1>\n<h2 class=\"text-2xl md:text-3xl font-semibold mb-8\">25 Dias de Experi\u00eancias Inesquec\u00edveis!<\/h2>\n<p class=\"text-xl md:text-2xl mb-12 max-w-3xl mx-auto\">Descubra Lisboa, Barcelona, Paris, Bruxelas, Berlim e Praga em uma viagem exclusiva para fam\u00edlias, casais e amigos.<\/p>\n<div class=\"flex flex-col md:flex-row justify-center gap-4 mb-12\">\n<div class=\"bg-black bg-opacity-50 p-4 rounded-lg\"><i class=\"fas fa-route text-yellow-400 text-2xl mb-2\"><\/i><\/p>\n<h3 class=\"font-bold\">Roteiro Premium<\/h3>\n<p class=\"text-sm\">25 dias de imers\u00e3o cultural<\/p>\n<\/div>\n<div class=\"bg-black bg-opacity-50 p-4 rounded-lg\"><i class=\"fas fa-utensils text-yellow-400 text-2xl mb-2\"><\/i><\/p>\n<h3 class=\"font-bold\">Tudo Inclu\u00eddo<\/h3>\n<p class=\"text-sm\">Hospedagem, alimenta\u00e7\u00e3o e guia<\/p>\n<\/div>\n<div class=\"bg-black bg-opacity-50 p-4 rounded-lg\"><i class=\"fas fa-users text-yellow-400 text-2xl mb-2\"><\/i><\/p>\n<h3 class=\"font-bold\">Grupo Exclusivo<\/h3>\n<p class=\"text-sm\">Vagas limitadas<\/p>\n<\/div>\n<\/div>\n<p><button class=\"bg-red-600 hover:bg-red-700 text-white font-bold py-4 px-8 rounded-full text-lg transition duration-300 transform hover:scale-105\"><br \/>\nGARANTA SUA VAGA!<br \/>\n<\/button><\/p>\n<p class=\"mt-4 text-yellow-300 font-semibold\">Vagas limitadas \u2013 Grupo fechado com at\u00e9 30 pessoas.<\/p>\n<\/div>\n<\/section>\n<p><!-- Highlights Section --><\/p>\n<section class=\"py-20 bg-gray-900 text-white\">\n<div class=\"container mx-auto px-4\">\n<div class=\"text-center mb-16\">\n<h2 class=\"text-3xl md:text-4xl font-bold mb-4\">Uma Viagem <span class=\"text-yellow-400\">Inesquec\u00edvel<\/span><\/h2>\n<div class=\"w-24 h-1 bg-red-600 mx-auto\"><\/div>\n<\/div>\n<div class=\"grid grid-cols-1 md:grid-cols-3 gap-8\">\n<div class=\"bg-gray-800 p-8 rounded-lg shadow-lg\">\n<div class=\"text-yellow-400 text-4xl mb-4\"><\/div>\n<h3 class=\"text-xl font-bold mb-3\">Roteiro Premium<\/h3>\n<p class=\"text-gray-300\">25 dias de imers\u00e3o cultural, hist\u00f3rica e gastron\u00f4mica pelas cidades mais encantadoras da Europa.<\/p>\n<\/div>\n<div class=\"bg-gray-800 p-8 rounded-lg shadow-lg\">\n<div class=\"text-yellow-400 text-4xl mb-4\"><\/div>\n<h3 class=\"text-xl font-bold mb-3\">Tudo Inclu\u00eddo<\/h3>\n<p class=\"text-gray-300\">Passagens a\u00e9reas, hospedagem em hot\u00e9is selecionados, alimenta\u00e7\u00e3o e guia tur\u00edstico especializado.<\/p>\n<\/div>\n<div class=\"bg-gray-800 p-8 rounded-lg shadow-lg\">\n<div class=\"text-yellow-400 text-4xl mb-4\"><\/div>\n<h3 class=\"text-xl font-bold mb-3\">Grupo Exclusivo<\/h3>\n<p class=\"text-gray-300\">Vagas limitadas para garantir conforto e personaliza\u00e7\u00e3o em cada etapa da viagem.<\/p>\n<\/div>\n<\/div>\n<\/div>\n<\/section>\n<p><!-- Itinerary Section --><\/p>\n<section class=\"py-20 bg-white\">\n<div class=\"container mx-auto px-4\">\n<div class=\"text-center mb-16\">\n<h2 class=\"text-3xl md:text-4xl font-bold mb-4\">Itiner\u00e1rio <span class=\"text-red-600\">Resumido<\/span><\/h2>\n<div class=\"w-24 h-1 bg-yellow-400 mx-auto\"><\/div>\n<\/div>\n<div class=\"relative\"><!-- Timeline --><\/p>\n<div class=\"space-y-8 md:space-y-0\"><!-- Lisbon --><\/p>\n<div class=\"timeline-item relative md:flex justify-between items-center mb-20\">\n<div class=\"md:w-5\/12 mb-8 md:mb-0 order-1\">\n<div class=\"destination-card bg-gray-100 p-6 rounded-lg shadow-md\">\n<div class=\"flex items-center mb-4\">\n<div class=\"bg-red-600 text-white rounded-full w-10 h-10 flex items-center justify-center font-bold mr-4\">1<\/div>\n<h3 class=\"text-xl font-bold text-gray-800\">Lisboa (4 dias)<\/h3>\n<\/div>\n<ul class=\"text-gray-700 space-y-2\">\n<li class=\"flex items-start\"><i class=\"fas fa-check text-yellow-400 mt-1 mr-2\"><\/i><br \/>\nTorre de Bel\u00e9m<\/li>\n<li class=\"flex items-start\"><i class=\"fas fa-check text-yellow-400 mt-1 mr-2\"><\/i><br \/>\nBairro hist\u00f3rico de Alfama<\/li>\n<li class=\"flex items-start\"><i class=\"fas fa-check text-yellow-400 mt-1 mr-2\"><\/i><br \/>\nExcurs\u00e3o a Sintra<\/li>\n<\/ul>\n<\/div>\n<\/div>\n<div class=\"md:w-5\/12 order-2\"><img decoding=\"async\" class=\"w-full h-64 object-cover rounded-lg shadow-lg\" src=\"https:\/\/images.unsplash.com\/photo-1585208798174-6cedd86e019a?q=80&amp;w=1173&amp;auto=format&amp;fit=crop&amp;w=2070&amp;q=80\" alt=\"Lisboa\" \/><\/div>\n<\/div>\n<p><!-- Barcelona --><\/p>\n<div class=\"timeline-item relative md:flex justify-between items-center mb-20\">\n<div class=\"md:w-5\/12 order-2 md:order-1\"><img decoding=\"async\" class=\"w-full h-64 object-cover rounded-lg shadow-lg\" src=\"https:\/\/images.unsplash.com\/photo-1583422409516-2895a77efded?ixlib=rb-4.0.3&amp;ixid=M3wxMjA3fDB8MHxwaG90by1wYWdlfHx8fGVufDB8fHx8fA%3D%3D&amp;auto=format&amp;fit=crop&amp;w=2070&amp;q=80\" alt=\"Barcelona\" \/><\/div>\n<div class=\"md:w-5\/12 mb-8 md:mb-0 order-1 md:order-2\">\n<div class=\"destination-card bg-gray-100 p-6 rounded-lg shadow-md\">\n<div class=\"flex items-center mb-4\">\n<div class=\"bg-red-600 text-white rounded-full w-10 h-10 flex items-center justify-center font-bold mr-4\">2<\/div>\n<h3 class=\"text-xl font-bold text-gray-800\">Barcelona (4 dias)<\/h3>\n<\/div>\n<ul class=\"text-gray-700 space-y-2\">\n<li class=\"flex items-start\"><i class=\"fas fa-check text-yellow-400 mt-1 mr-2\"><\/i><br \/>\nSagrada Fam\u00edlia<\/li>\n<li class=\"flex items-start\"><i class=\"fas fa-check text-yellow-400 mt-1 mr-2\"><\/i><br \/>\nParque G\u00fcell<\/li>\n<li class=\"flex items-start\"><i class=\"fas fa-check text-yellow-400 mt-1 mr-2\"><\/i><br \/>\nNoite de tapas espanholas<\/li>\n<\/ul>\n<\/div>\n<\/div>\n<\/div>\n<p><!-- Paris --><\/p>\n<div class=\"timeline-item relative md:flex justify-between items-center mb-20\">\n<div class=\"md:w-5\/12 mb-8 md:mb-0 order-1\">\n<div class=\"destination-card bg-gray-100 p-6 rounded-lg shadow-md\">\n<div class=\"flex items-center mb-4\">\n<div class=\"bg-red-600 text-white rounded-full w-10 h-10 flex items-center justify-center font-bold mr-4\">3<\/div>\n<h3 class=\"text-xl font-bold text-gray-800\">Paris (5 dias)<\/h3>\n<\/div>\n<ul class=\"text-gray-700 space-y-2\">\n<li class=\"flex items-start\"><i class=\"fas fa-check text-yellow-400 mt-1 mr-2\"><\/i><br \/>\nTorre Eiffel<\/li>\n<li class=\"flex items-start\"><i class=\"fas fa-check text-yellow-400 mt-1 mr-2\"><\/i><br \/>\nMuseu do Louvre<\/li>\n<li class=\"flex items-start\"><i class=\"fas fa-check text-yellow-400 mt-1 mr-2\"><\/i><br \/>\nCruzeiro no Rio Sena<\/li>\n<\/ul>\n<\/div>\n<\/div>\n<div class=\"md:w-5\/12 order-2\"><img decoding=\"async\" class=\"w-full h-64 object-cover rounded-lg shadow-lg\" src=\"https:\/\/plus.unsplash.com\/premium_photo-1661919210043-fd847a58522d?q=80&amp;w=1171&amp;auto=format&amp;fit=crop&amp;w=2070&amp;q=80\" alt=\"Paris\" \/><\/div>\n<\/div>\n<p><!-- Bruxelas --><\/p>\n<div class=\"timeline-item relative md:flex justify-between items-center mb-20\">\n<div class=\"md:w-5\/12 order-2 md:order-1\"><img decoding=\"async\" class=\"w-full h-64 object-cover rounded-lg shadow-lg\" src=\"https:\/\/images.unsplash.com\/photo-1749418484525-24e50237d23a?q=80&amp;w=1332&amp;auto=format&amp;fit=crop&amp;w=2070&amp;q=80\" alt=\"Bruxelas\" \/><\/div>\n<div class=\"md:w-5\/12 mb-8 md:mb-0 order-1 md:order-2\">\n<div class=\"destination-card bg-gray-100 p-6 rounded-lg shadow-md\">\n<div class=\"flex items-center mb-4\">\n<div class=\"bg-red-600 text-white rounded-full w-10 h-10 flex items-center justify-center font-bold mr-4\">4<\/div>\n<h3 class=\"text-xl font-bold text-gray-800\">Bruxelas (3 dias)<\/h3>\n<\/div>\n<ul class=\"text-gray-700 space-y-2\">\n<li class=\"flex items-start\"><i class=\"fas fa-check text-yellow-400 mt-1 mr-2\"><\/i><br \/>\nGrand-Place<\/li>\n<li class=\"flex items-start\"><i class=\"fas fa-check text-yellow-400 mt-1 mr-2\"><\/i><br \/>\nAtomium<\/li>\n<li class=\"flex items-start\"><i class=\"fas fa-check text-yellow-400 mt-1 mr-2\"><\/i><br \/>\nDegusta\u00e7\u00e3o de chocolates<\/li>\n<\/ul>\n<\/div>\n<\/div>\n<\/div>\n<p><!-- Berlim --><\/p>\n<div class=\"timeline-item relative md:flex justify-between items-center mb-20\">\n<div class=\"md:w-5\/12 mb-8 md:mb-0 order-1\">\n<div class=\"destination-card bg-gray-100 p-6 rounded-lg shadow-md\">\n<div class=\"flex items-center mb-4\">\n<div class=\"bg-red-600 text-white rounded-full w-10 h-10 flex items-center justify-center font-bold mr-4\">5<\/div>\n<h3 class=\"text-xl font-bold text-gray-800\">Berlim (5 dias)<\/h3>\n<\/div>\n<ul class=\"text-gray-700 space-y-2\">\n<li class=\"flex items-start\"><i class=\"fas fa-check text-yellow-400 mt-1 mr-2\"><\/i><br \/>\nPort\u00e3o de Brandemburgo<\/li>\n<li class=\"flex items-start\"><i class=\"fas fa-check text-yellow-400 mt-1 mr-2\"><\/i><br \/>\nMuro de Berlim<\/li>\n<li class=\"flex items-start\"><i class=\"fas fa-check text-yellow-400 mt-1 mr-2\"><\/i><br \/>\nTour hist\u00f3rico pela cidade<\/li>\n<\/ul>\n<\/div>\n<\/div>\n<div class=\"md:w-5\/12 order-2\"><img decoding=\"async\" class=\"w-full h-64 object-cover rounded-lg shadow-lg\" src=\"https:\/\/images.unsplash.com\/photo-1599946347371-68eb71b16afc?ixlib=rb-4.0.3&amp;ixid=M3wxMjA3fDB8MHxwaG90by1wYWdlfHx8fGVufDB8fHx8fA%3D%3D&amp;auto=format&amp;fit=crop&amp;w=2070&amp;q=80\" alt=\"Berlim\" \/><\/div>\n<\/div>\n<p><!-- Praga --><\/p>\n<div class=\"timeline-item relative md:flex justify-between items-center\">\n<div class=\"md:w-5\/12 order-2 md:order-1\"><img decoding=\"async\" class=\"w-full h-64 object-cover rounded-lg shadow-lg\" src=\"https:\/\/images.unsplash.com\/photo-1519677100203-a0e668c92439?ixlib=rb-4.0.3&amp;ixid=M3wxMjA3fDB8MHxwaG90by1wYWdlfHx8fGVufDB8fHx8fA%3D%3D&amp;auto=format&amp;fit=crop&amp;w=2070&amp;q=80\" alt=\"Praga\" \/><\/div>\n<div class=\"md:w-5\/12 mb-8 md:mb-0 order-1 md:order-2\">\n<div class=\"destination-card bg-gray-100 p-6 rounded-lg shadow-md\">\n<div class=\"flex items-center mb-4\">\n<div class=\"bg-red-600 text-white rounded-full w-10 h-10 flex items-center justify-center font-bold mr-4\">6<\/div>\n<h3 class=\"text-xl font-bold text-gray-800\">Praga (4 dias)<\/h3>\n<\/div>\n<ul class=\"text-gray-700 space-y-2\">\n<li class=\"flex items-start\"><i class=\"fas fa-check text-yellow-400 mt-1 mr-2\"><\/i><br \/>\nPonte Carlos<\/li>\n<li class=\"flex items-start\"><i class=\"fas fa-check text-yellow-400 mt-1 mr-2\"><\/i><br \/>\nCastelo de Praga<\/li>\n<li class=\"flex items-start\"><i class=\"fas fa-check text-yellow-400 mt-1 mr-2\"><\/i><br \/>\nDegusta\u00e7\u00e3o de cervejas artesanais<\/li>\n<\/ul>\n<\/div>\n<\/div>\n<\/div>\n<\/div>\n<\/div>\n<\/div>\n<\/section>\n<p><!-- Included Section --><\/p>\n<section class=\"py-20 bg-gray-900 text-white\">\n<div class=\"container mx-auto px-4\">\n<div class=\"text-center mb-16\">\n<h2 class=\"text-3xl md:text-4xl font-bold mb-4\">O Que Est\u00e1 <span class=\"text-yellow-400\">Incluso<\/span><\/h2>\n<div class=\"w-24 h-1 bg-red-600 mx-auto\"><\/div>\n<\/div>\n<div class=\"grid grid-cols-1 md:grid-cols-2 lg:grid-cols-3 gap-6\">\n<div class=\"bg-gray-800 p-6 rounded-lg flex items-start\">\n<div class=\"bg-yellow-400 text-black rounded-full w-8 h-8 flex items-center justify-center mr-4 flex-shrink-0\"><\/div>\n<div>\n<h3 class=\"font-bold mb-1\">Passagens a\u00e9reas<\/h3>\n<p class=\"text-gray-400 text-sm\">Classe econ\u00f4mica com todas as taxas inclusas<\/p>\n<\/div>\n<\/div>\n<div class=\"bg-gray-800 p-6 rounded-lg flex items-start\">\n<div class=\"bg-yellow-400 text-black rounded-full w-8 h-8 flex items-center justify-center mr-4 flex-shrink-0\"><\/div>\n<div>\n<h3 class=\"font-bold mb-1\">Hospedagem<\/h3>\n<p class=\"text-gray-400 text-sm\">Hot\u00e9is 4 estrelas em localiza\u00e7\u00f5es privilegiadas<\/p>\n<\/div>\n<\/div>\n<div class=\"bg-gray-800 p-6 rounded-lg flex items-start\">\n<div class=\"bg-yellow-400 text-black rounded-full w-8 h-8 flex items-center justify-center mr-4 flex-shrink-0\"><\/div>\n<div>\n<h3 class=\"font-bold mb-1\">Alimenta\u00e7\u00e3o<\/h3>\n<p class=\"text-gray-400 text-sm\">Caf\u00e9 da manh\u00e3 di\u00e1rio + 10 jantares tem\u00e1ticos<\/p>\n<\/div>\n<\/div>\n<div class=\"bg-gray-800 p-6 rounded-lg flex items-start\">\n<div class=\"bg-yellow-400 text-black rounded-full w-8 h-8 flex items-center justify-center mr-4 flex-shrink-0\"><\/div>\n<div>\n<h3 class=\"font-bold mb-1\">Guia tur\u00edstico<\/h3>\n<p class=\"text-gray-400 text-sm\">Brasileiro acompanhante durante toda a viagem<\/p>\n<\/div>\n<\/div>\n<div class=\"bg-gray-800 p-6 rounded-lg flex items-start\">\n<div class=\"bg-yellow-400 text-black rounded-full w-8 h-8 flex items-center justify-center mr-4 flex-shrink-0\"><\/div>\n<div>\n<h3 class=\"font-bold mb-1\">Transporte<\/h3>\n<p class=\"text-gray-400 text-sm\">Entre cidades (trem ou \u00f4nibus privativo)<\/p>\n<\/div>\n<\/div>\n<div class=\"bg-gray-800 p-6 rounded-lg flex items-start\">\n<div class=\"bg-yellow-400 text-black rounded-full w-8 h-8 flex items-center justify-center mr-4 flex-shrink-0\"><\/div>\n<div>\n<h3 class=\"font-bold mb-1\">Seguro-viagem<\/h3>\n<p class=\"text-gray-400 text-sm\">Cobertura b\u00e1sica para toda a excurs\u00e3o<\/p>\n<\/div>\n<\/div>\n<\/div>\n<\/div>\n<\/section>\n<p><!-- Testimonials Section --><\/p>\n<section class=\"py-20 bg-white\">\n<div class=\"container mx-auto px-4\">\n<div class=\"text-center mb-16\">\n<h2 class=\"text-3xl md:text-4xl font-bold mb-4\">Depoimentos de <span class=\"text-red-600\">Viajantes<\/span><\/h2>\n<div class=\"w-24 h-1 bg-yellow-400 mx-auto\"><\/div>\n<\/div>\n<div class=\"grid grid-cols-1 md:grid-cols-3 gap-8\">\n<div class=\"testimonial-card p-8 rounded-lg shadow-lg border border-gray-200\">\n<div class=\"flex items-center mb-4\"><img decoding=\"async\" class=\"w-12 h-12 rounded-full mr-4\" src=\"https:\/\/randomuser.me\/api\/portraits\/women\/43.jpg\" alt=\"Ana Silva\" \/><\/p>\n<div>\n<h4 class=\"font-bold\">Ana Silva<\/h4>\n<div class=\"flex text-yellow-400\"><i class=\"fas fa-star\"><\/i><br \/>\n<i class=\"fas fa-star\"><\/i><br \/>\n<i class=\"fas fa-star\"><\/i><br \/>\n<i class=\"fas fa-star\"><\/i><br \/>\n<i class=\"fas fa-star\"><\/i><\/div>\n<\/div>\n<\/div>\n<p class=\"text-gray-700 italic\">&#8220;A excurs\u00e3o superou todas as minhas expectativas! Cada cidade foi cuidadosamente selecionada e o roteiro foi perfeito. Recomendo muito!&#8221;<\/p>\n<\/div>\n<div class=\"testimonial-card p-8 rounded-lg shadow-lg border border-gray-200\">\n<div class=\"flex items-center mb-4\"><img decoding=\"async\" class=\"w-12 h-12 rounded-full mr-4\" src=\"https:\/\/randomuser.me\/api\/portraits\/men\/32.jpg\" alt=\"Carlos Mendes\" \/><\/p>\n<div>\n<h4 class=\"font-bold\">Carlos Mendes<\/h4>\n<div class=\"flex text-yellow-400\"><i class=\"fas fa-star\"><\/i><br \/>\n<i class=\"fas fa-star\"><\/i><br \/>\n<i class=\"fas fa-star\"><\/i><br \/>\n<i class=\"fas fa-star\"><\/i><br \/>\n<i class=\"fas fa-star\"><\/i><\/div>\n<\/div>\n<\/div>\n<p class=\"text-gray-700 italic\">&#8220;Viajar com um grupo pequeno fez toda a diferen\u00e7a. O guia era extremamente conhecedor e nos proporcionou experi\u00eancias \u00fanicas em cada cidade.&#8221;<\/p>\n<\/div>\n<div class=\"testimonial-card p-8 rounded-lg shadow-lg border border-gray-200\">\n<div class=\"flex items-center mb-4\"><img decoding=\"async\" class=\"w-12 h-12 rounded-full mr-4\" src=\"https:\/\/randomuser.me\/api\/portraits\/women\/65.jpg\" alt=\"Fernanda Oliveira\" \/><\/p>\n<div>\n<h4 class=\"font-bold\">Fernanda Oliveira<\/h4>\n<div class=\"flex text-yellow-400\"><i class=\"fas fa-star\"><\/i><br \/>\n<i class=\"fas fa-star\"><\/i><br \/>\n<i class=\"fas fa-star\"><\/i><br \/>\n<i class=\"fas fa-star\"><\/i><br \/>\n<i class=\"fas fa-star\"><\/i><\/div>\n<\/div>\n<\/div>\n<p class=\"text-gray-700 italic\">&#8220;Tudo estava muito bem organizado, desde os hot\u00e9is at\u00e9 os transportes. Os jantares tem\u00e1ticos foram o ponto alto da viagem para mim!&#8221;<\/p>\n<\/div>\n<\/div>\n<\/div>\n<\/section>\n<p><!-- CTA Section --><\/p>\n<section class=\"py-20 bg-red-600 text-white\">\n<div class=\"container mx-auto px-4 text-center\">\n<h2 class=\"text-3xl md:text-4xl font-bold mb-6\">Garanta Sua Vaga na Excurs\u00e3o Europa 2026<\/h2>\n<p class=\"text-xl mb-8 max-w-2xl mx-auto\">25 dias de experi\u00eancias inesquec\u00edveis pelas cidades mais encantadoras da Europa!<\/p>\n<div class=\"mb-8 bg-black bg-opacity-20 inline-block px-6 py-4 rounded-lg\">\n<p class=\"font-bold\">Consulte condi\u00e7\u00f5es especiais por pessoa \u2013 pagamento em at\u00e9 12x.<\/p>\n<\/div>\n<p><button class=\"bg-yellow-400 hover:bg-yellow-500 text-black font-bold py-4 px-8 rounded-full text-lg transition duration-300 transform hover:scale-105 mb-4\"><br \/>\nGARANTA SUA VAGA AGORA!<br \/>\n<\/button><\/p>\n<p class=\"text-yellow-200 font-semibold\">Vagas limitadas \u2013 Grupo fechado com at\u00e9 30 pessoas.<\/p>\n<\/div>\n<\/section>\n<p><script>\n        \/\/ Simple animation for testimonial cards on scroll\n        document.addEventListener('DOMContentLoaded', function() {\n            const testimonialCards = document.querySelectorAll('.testimonial-card');<\/p>\n<p>            const observer = new IntersectionObserver((entries) => {\n                entries.forEach(entry => {\n                    if (entry.isIntersecting) {\n                        entry.target.style.opacity = '1';\n                        entry.target.style.transform = 'translateY(0)';\n                    }\n                });\n            }, { threshold: 0.1 });<\/p>\n<p>            testimonialCards.forEach((card, index) => {\n                card.style.opacity = '0';\n                card.style.transform = 'translateY(20px)';\n                card.style.transition = `all 0.5s ease ${index * 0.1}s`;\n                observer.observe(card);\n            });\n        });\n    <\/script><\/p>","protected":false},"excerpt":{"rendered":"<p>VIAGEM EXCLUSIVA 2026 Excurs\u00e3o Europa 2026 25 Dias de Experi\u00eancias Inesquec\u00edveis! Descubra Lisboa, Barcelona, Paris, Bruxelas, Berlim e Praga em uma viagem exclusiva para fam\u00edlias, casais e amigos. Roteiro Premium 25 dias de imers\u00e3o cultural Tudo Inclu\u00eddo Hospedagem, alimenta\u00e7\u00e3o e guia Grupo Exclusivo Vagas limitadas GARANTA SUA VAGA! Vagas limitadas \u2013 Grupo fechado com at\u00e9 &hellip; <a href=\"https:\/\/berlintostay.com\/en\/excursao-wp\/\" class=\"more-link\">Continue reading <span class=\"screen-reader-text\">Excurs\u00e3o Europa 2026<\/span><\/a><\/p>","protected":false},"author":1,"featured_media":0,"parent":0,"menu_order":0,"comment_status":"closed","ping_status":"closed","template":"","meta":{"footnotes":""},"class_list":["post-13983","page","type-page","status-publish","hentry"],"_links":{"self":[{"href":"https:\/\/berlintostay.com\/en\/wp-json\/wp\/v2\/pages\/13983","targetHints":{"allow":["GET"]}}],"collection":[{"href":"https:\/\/berlintostay.com\/en\/wp-json\/wp\/v2\/pages"}],"about":[{"href":"https:\/\/berlintostay.com\/en\/wp-json\/wp\/v2\/types\/page"}],"author":[{"embeddable":true,"href":"https:\/\/berlintostay.com\/en\/wp-json\/wp\/v2\/users\/1"}],"replies":[{"embeddable":true,"href":"https:\/\/berlintostay.com\/en\/wp-json\/wp\/v2\/comments?post=13983"}],"version-history":[{"count":6,"href":"https:\/\/berlintostay.com\/en\/wp-json\/wp\/v2\/pages\/13983\/revisions"}],"predecessor-version":[{"id":13988,"href":"https:\/\/berlintostay.com\/en\/wp-json\/wp\/v2\/pages\/13983\/revisions\/13988"}],"wp:attachment":[{"href":"https:\/\/berlintostay.com\/en\/wp-json\/wp\/v2\/media?parent=13983"}],"curies":[{"name":"wp","href":"https:\/\/api.w.org\/{rel}","templated":true}]}}