{"id":13855,"date":"2020-12-21T22:01:22","date_gmt":"2020-12-22T01:01:22","guid":{"rendered":"http:\/\/berlintostay.com\/?page_id=13855"},"modified":"2020-12-28T19:35:15","modified_gmt":"2020-12-28T22:35:15","slug":"servicos","status":"publish","type":"page","link":"https:\/\/berlintostay.com\/en\/servicos\/","title":{"rendered":"Services"},"content":{"rendered":"<div class=\"themestek-row wpb_row vc_row-fluid vc_rtl-columns-reverse themestek-total-col-2 themestek-zindex-0 vc_row container themestek-bgimage-position-center_center\">\n        \t\t\t\t<div class=\"themestek-column wpb_column vc_column_container vc_col-sm-6 themestek-zindex-0\">\n\t<div class=\"vc_column-inner\">\n\t\t\t\t<div class=\"wpb_wrapper\">\n\t\t\t\n\t<div  class=\"wpb_single_image wpb_content_element vc_align_left  vc_custom_1609194751805\">\n\t\t\n\t\t<figure class=\"wpb_wrapper vc_figure\">\n\t\t\t<div class=\"vc_single_image-wrapper   vc_box_border_grey\"><img fetchpriority=\"high\" decoding=\"async\" width=\"1344\" height=\"1028\" src=\"https:\/\/berlintostay.com\/wp-content\/uploads\/2020\/12\/visa2-e1609194774885.png\" class=\"vc_single_image-img attachment-full\" alt=\"\" srcset=\"https:\/\/berlintostay.com\/wp-content\/uploads\/2020\/12\/visa2-e1609194774885.png 1344w, https:\/\/berlintostay.com\/wp-content\/uploads\/2020\/12\/visa2-e1609194774885-300x229.png 300w, https:\/\/berlintostay.com\/wp-content\/uploads\/2020\/12\/visa2-e1609194774885-1024x783.png 1024w, https:\/\/berlintostay.com\/wp-content\/uploads\/2020\/12\/visa2-e1609194774885-768x587.png 768w\" sizes=\"(max-width: 1344px) 100vw, 1344px\" data-id=\"13957\" \/><\/div>\n\t\t<\/figure>\n\t<\/div>\n\t\t<\/div>\n\t<\/div>\n<\/div>\n<div class=\"themestek-column wpb_column vc_column_container vc_col-sm-6 themestek-zindex-0\">\n\t<div class=\"vc_column-inner\">\n\t\t\t\t<div class=\"wpb_wrapper\">\n\t\t\t\n\t<div class=\"wpb_text_column wpb_content_element\" >\n\t\t<div class=\"wpb_wrapper\">\n\t\t\t<h5><strong>Consulting<\/strong><\/h5>\n<p>Your dream of living, studying and doing your post-graduate, Master, MBA or working in your area in Germany.<\/p>\n<p>Our assistance includes various services, varying according to client\u2019s needs, to the company\u2019s policy and under which circumstances the professional is being relocated and mainly on available budget.<\/p>\n<p>- Rental of property - all bureaucratic process;<br \/>\n- Schools, universities \u2013 required documentation;<br \/>\n- All the bureaucratic process involved in validating university degrees;<br \/>\n- Passport procedure for Brazilians with dual German citizenship.<\/p>\n<p>We have partnerships with the best language schools so that you can dedicate to the German language and we have even newly signed a partnership with the BSBI (Berlin School of Business and Innovation.)<\/p>\n\n\t\t<\/div>\n\t<\/div>\n\t\t<\/div>\n\t<\/div>\n<\/div>\n\t<\/div>\n<div class=\"themestek-row wpb_row vc_row-fluid vc_rtl-columns-reverse themestek-total-col-1 themestek-zindex-0 vc_row container themestek-bgimage-position-center_center\">\n        \t\t\t\t<div class=\"themestek-column wpb_column vc_column_container vc_col-sm-12 themestek-zindex-0\">\n\t<div class=\"vc_column-inner\">\n\t\t\t\t<div class=\"wpb_wrapper\">\n\t\t\t<div class=\"vc_separator wpb_content_element vc_separator_align_center vc_sep_width_100 vc_sep_border_width_3 vc_sep_pos_align_center vc_separator_no_text vc_sep_color_grey\" ><span class=\"vc_sep_holder vc_sep_holder_l\"><span  class=\"vc_sep_line\"><\/span><\/span><span class=\"vc_sep_holder vc_sep_holder_r\"><span  class=\"vc_sep_line\"><\/span><\/span>\n<\/div>\t\t<\/div>\n\t<\/div>\n<\/div>\n\t<\/div>\n<div class=\"themestek-row wpb_row vc_row-fluid vc_rtl-columns-reverse themestek-total-col-1 themestek-zindex-0 vc_row container themestek-bgimage-position-center_center\">\n        \t\t\t\t<div class=\"themestek-column wpb_column vc_column_container vc_col-sm-12 themestek-zindex-0\">\n\t<div class=\"vc_column-inner\">\n\t\t\t\t<div class=\"wpb_wrapper\">\n\t\t\t\n\t<div class=\"wpb_text_column wpb_content_element\" >\n\t\t<div class=\"wpb_wrapper\">\n\t\t\t<h5><strong>Packages<\/strong><\/h5>\n<p>To make the right choice, choose a company that offers you maximum assistance before, during and after your relocation. It is essential to try to understand what services you can count on and how they will fit your needs.<\/p>\n\n\t\t<\/div>\n\t<\/div>\n\t\t<\/div>\n\t<\/div>\n<\/div>\n\t<\/div>\n<div class=\"themestek-row wpb_row vc_row-fluid vc_rtl-columns-reverse themestek-total-col-2 themestek-zindex-0 vc_row container themestek-bgimage-position-center_center\">\n        \t\t\t\t<div class=\"themestek-column wpb_column vc_column_container vc_col-sm-6 themestek-zindex-0\">\n\t<div class=\"vc_column-inner\">\n\t\t\t\t<div class=\"wpb_wrapper\">\n\t\t\t\n\t<div class=\"wpb_text_column wpb_content_element\" >\n\t\t<div class=\"wpb_wrapper\">\n\t\t\t<p><strong>For your arrival in Berlin\ud83d\udeec\ud83c\udde9\ud83c\uddea<\/strong><\/p>\n<p>- Airport transfer;<br \/>\n- Subway ticket;<br \/>\n- Property rental for holidays;<br \/>\n- Home search of your preference;<br \/>\n- Bureaucratic apartment services:<br \/>\n* Water<br \/>\n* Energy<br \/>\n* Telephone<br \/>\n* Insurance<br \/>\n* Opening a bank account<br \/>\n* Protocol and entry into residence<br \/>\n- Validation or transition of your driver's license or international driver's license;<br \/>\n- Student and work visa application;<br \/>\n- Registration at the City Hall (\u201cAnmeldung\u201d)<br \/>\n- All necessary orientations;<br \/>\n- Company registration.<\/p>\n\n\t\t<\/div>\n\t<\/div>\n\t\t<\/div>\n\t<\/div>\n<\/div>\n<div class=\"themestek-column wpb_column vc_column_container vc_col-sm-6 themestek-zindex-0\">\n\t<div class=\"vc_column-inner\">\n\t\t\t\t<div class=\"wpb_wrapper\">\n\t\t\t\n\t<div  class=\"wpb_single_image wpb_content_element vc_align_left\">\n\t\t\n\t\t<figure class=\"wpb_wrapper vc_figure\">\n\t\t\t<div class=\"vc_single_image-wrapper   vc_box_border_grey\"><img decoding=\"async\" width=\"852\" height=\"680\" src=\"https:\/\/berlintostay.com\/wp-content\/uploads\/2020\/12\/Chegada-Berlim-e1609194831385.png\" class=\"vc_single_image-img attachment-full\" alt=\"\" srcset=\"https:\/\/berlintostay.com\/wp-content\/uploads\/2020\/12\/Chegada-Berlim-e1609194831385.png 852w, https:\/\/berlintostay.com\/wp-content\/uploads\/2020\/12\/Chegada-Berlim-e1609194831385-300x239.png 300w, https:\/\/berlintostay.com\/wp-content\/uploads\/2020\/12\/Chegada-Berlim-e1609194831385-768x613.png 768w\" sizes=\"(max-width: 852px) 100vw, 852px\" data-id=\"13954\" \/><\/div>\n\t\t<\/figure>\n\t<\/div>\n\t\t<\/div>\n\t<\/div>\n<\/div>\n\t<\/div>\n<div class=\"themestek-row wpb_row vc_row-fluid vc_rtl-columns-reverse themestek-total-col-2 themestek-zindex-0 vc_row container themestek-bgimage-position-center_center\">\n        \t\t\t\t<div class=\"themestek-column wpb_column vc_column_container vc_col-sm-6 themestek-zindex-0\">\n\t<div class=\"vc_column-inner\">\n\t\t\t\t<div class=\"wpb_wrapper\">\n\t\t\t\n\t<div  class=\"wpb_single_image wpb_content_element vc_align_left\">\n\t\t\n\t\t<figure class=\"wpb_wrapper vc_figure\">\n\t\t\t<div class=\"vc_single_image-wrapper   vc_box_border_grey\"><img decoding=\"async\" width=\"1024\" height=\"601\" src=\"https:\/\/berlintostay.com\/wp-content\/uploads\/2020\/12\/mudanca-e1609194885525.png\" class=\"vc_single_image-img attachment-full\" alt=\"\" srcset=\"https:\/\/berlintostay.com\/wp-content\/uploads\/2020\/12\/mudanca-e1609194885525.png 1024w, https:\/\/berlintostay.com\/wp-content\/uploads\/2020\/12\/mudanca-e1609194885525-300x176.png 300w, https:\/\/berlintostay.com\/wp-content\/uploads\/2020\/12\/mudanca-e1609194885525-768x451.png 768w\" sizes=\"(max-width: 1024px) 100vw, 1024px\" data-id=\"13952\" \/><\/div>\n\t\t<\/figure>\n\t<\/div>\n\t\t<\/div>\n\t<\/div>\n<\/div>\n<div class=\"themestek-column wpb_column vc_column_container vc_col-sm-6 themestek-zindex-0\">\n\t<div class=\"vc_column-inner\">\n\t\t\t\t<div class=\"wpb_wrapper\">\n\t\t\t\n\t<div class=\"wpb_text_column wpb_content_element\" >\n\t\t<div class=\"wpb_wrapper\">\n\t\t\t<p>We know that every process of moving is very stressful for people and it ends up becoming even more tiring for children and for pets. Therefore, to avoid various kinds of setbacks, we also offer:<\/p>\n<p>- Assistance in finding a school or Kindergarten;<br \/>\n- \u201cKindergeld\u201d application;<br \/>\n- All documentation and registration and voucher request for \u201cKita\u201d or school;<br \/>\n- Doctors and private health services;<br \/>\n- Documentation for the import of animals as well as their registration;<br \/>\n- Import of your furniture with the utmost care and safety.<\/p>\n\n\t\t<\/div>\n\t<\/div>\n\t\t<\/div>\n\t<\/div>\n<\/div>\n\t<\/div>\n<div class=\"themestek-row wpb_row vc_row-fluid vc_rtl-columns-reverse themestek-total-col-2 themestek-zindex-0 vc_row container themestek-bgimage-position-center_center\">\n        \t\t\t\t<div class=\"themestek-column wpb_column vc_column_container vc_col-sm-6 themestek-zindex-0\">\n\t<div class=\"vc_column-inner\">\n\t\t\t\t<div class=\"wpb_wrapper\">\n\t\t\t\n\t<div class=\"wpb_text_column wpb_content_element\" >\n\t\t<div class=\"wpb_wrapper\">\n\t\t\t<p><strong>From professional to personal:<\/strong><\/p>\n<p>- Follow-ups at official meetings;<br \/>\n- Review of contracts in general;<br \/>\n- Certified translation services;<br \/>\n- Assistance at school meetings;<br \/>\n- And other events.<\/p>\n\n\t\t<\/div>\n\t<\/div>\n\t\t<\/div>\n\t<\/div>\n<\/div>\n<div class=\"themestek-column wpb_column vc_column_container vc_col-sm-6 themestek-zindex-0\">\n\t<div class=\"vc_column-inner\">\n\t\t\t\t<div class=\"wpb_wrapper\">\n\t\t\t\n\t<div class=\"wpb_text_column wpb_content_element\" >\n\t\t<div class=\"wpb_wrapper\">\n\t\t\t<p><strong>For Your Departure \ud83c\udde9\ud83c\uddea\ud83d\udeeb<\/strong><\/p>\n<p>- Cancellation of all contracts you may wish:<br \/>\n* Water<br \/>\n* Energy<br \/>\n* Telephone<br \/>\n* Bank account<br \/>\n* Registration at City Hall<br \/>\n* Renovation of the apartment for the deposit return (collateral payment)<\/p>\n\n\t\t<\/div>\n\t<\/div>\n\t\t<\/div>\n\t<\/div>\n<\/div>\n\t<\/div>\n<div class=\"themestek-row wpb_row vc_row-fluid vc_rtl-columns-reverse themestek-total-col-2 themestek-zindex-0 vc_row container themestek-bgimage-position-center_center\">\n        \t\t\t\t<div class=\"themestek-column wpb_column vc_column_container vc_col-sm-6 themestek-zindex-0\">\n\t<div class=\"vc_column-inner\">\n\t\t\t\t<div class=\"wpb_wrapper\">\n\t\t\t\n\t<div class=\"wpb_text_column wpb_content_element\" >\n\t\t<div class=\"wpb_wrapper\">\n\t\t\t<p><strong>Work and study \ud83d\udc69\ud83c\udffb\u200d\ud83d\udcbb\ud83d\udc69\ud83c\udffb\u200d\ud83c\udf93\ud83c\udde9\ud83c\uddea<\/strong><\/p>\n<p>Germany is looking for qualified professionals to work in the country. And if you have plans to live, work and\/or study, you will need to validate your degree.<\/p>\n<p>GERMANY HAS OPENED ITS DOORS TO BRAZILIANS WITH DIPLOMAS TO WORK (UP TO THE AGE OF 30).<\/p>\n<p>BERLIN TO STAY provides consultancy in the process of validation of your diploma, so that you will be able to exercise your profession.<\/p>\n<p>New Partnership with Universities - GISMA BUSINESS SCHOLL and BSBI BERLIN SCHOOL OF BUSINESS AND INNOVATION.<\/p>\n\n\t\t<\/div>\n\t<\/div>\n\t\t<\/div>\n\t<\/div>\n<\/div>\n<div class=\"themestek-column wpb_column vc_column_container vc_col-sm-6 themestek-zindex-0\">\n\t<div class=\"vc_column-inner\">\n\t\t\t\t<div class=\"wpb_wrapper\">\n\t\t\t\n\t<div  class=\"wpb_single_image wpb_content_element vc_align_left\">\n\t\t\n\t\t<figure class=\"wpb_wrapper vc_figure\">\n\t\t\t<div class=\"vc_single_image-wrapper   vc_box_border_grey\"><img loading=\"lazy\" decoding=\"async\" width=\"1024\" height=\"682\" src=\"https:\/\/berlintostay.com\/wp-content\/uploads\/2020\/12\/Estudantes.png\" class=\"vc_single_image-img attachment-full\" alt=\"\" srcset=\"https:\/\/berlintostay.com\/wp-content\/uploads\/2020\/12\/Estudantes.png 1024w, https:\/\/berlintostay.com\/wp-content\/uploads\/2020\/12\/Estudantes-300x200.png 300w, https:\/\/berlintostay.com\/wp-content\/uploads\/2020\/12\/Estudantes-768x512.png 768w, https:\/\/berlintostay.com\/wp-content\/uploads\/2020\/12\/Estudantes-800x533.png 800w\" sizes=\"(max-width: 1024px) 100vw, 1024px\" data-id=\"13958\" \/><\/div>\n\t\t<\/figure>\n\t<\/div>\n\t\t<\/div>\n\t<\/div>\n<\/div>\n\t<\/div>\n<div class=\"themestek-row wpb_row vc_row-fluid vc_rtl-columns-reverse themestek-total-col-1 themestek-zindex-0 vc_row container themestek-bgimage-position-center_center\">\n        \t\t\t\t<div class=\"themestek-column wpb_column vc_column_container vc_col-sm-12 themestek-zindex-0\">\n\t<div class=\"vc_column-inner\">\n\t\t\t\t<div class=\"wpb_wrapper\">\n\t\t\t\n\t<div class=\"wpb_text_column wpb_content_element\" >\n\t\t<div class=\"wpb_wrapper\">\n\t\t\t<p><strong>Passport<\/strong><\/p>\n<div dir=\"auto\">For you who want to renew your Brazilian passport or have dual German citizenship and are interested in applying for your European passport. Our office aims to help you to speed up the process with all the necessary security.<\/div>\n\n\t\t<\/div>\n\t<\/div>\n\t\t<\/div>\n\t<\/div>\n<\/div>\n\t<\/div>\n<div class=\"themestek-row wpb_row vc_row-fluid vc_rtl-columns-reverse themestek-total-col-1 themestek-zindex-0 vc_row container themestek-bgimage-position-center_center\">\n        \t\t\t\t<div class=\"themestek-column wpb_column vc_column_container vc_col-sm-12 themestek-zindex-0\">\n\t<div class=\"vc_column-inner\">\n\t\t\t\t<div class=\"wpb_wrapper\">\n\t\t\t<div class=\"vc_separator wpb_content_element vc_separator_align_center vc_sep_width_100 vc_sep_border_width_3 vc_sep_pos_align_center vc_separator_no_text vc_sep_color_grey\" ><span class=\"vc_sep_holder vc_sep_holder_l\"><span  class=\"vc_sep_line\"><\/span><\/span><span class=\"vc_sep_holder vc_sep_holder_r\"><span  class=\"vc_sep_line\"><\/span><\/span>\n<\/div>\t\t<\/div>\n\t<\/div>\n<\/div>\n\t<\/div>\n<div class=\"themestek-row wpb_row vc_row-fluid vc_rtl-columns-reverse themestek-total-col-2 themestek-zindex-0 vc_row container themestek-bgimage-position-center_center\">\n        \t\t\t\t<div class=\"themestek-column wpb_column vc_column_container vc_col-sm-6 themestek-zindex-0\">\n\t<div class=\"vc_column-inner\">\n\t\t\t\t<div class=\"wpb_wrapper\">\n\t\t\t\n\t<div  class=\"wpb_single_image wpb_content_element vc_align_left\">\n\t\t\n\t\t<figure class=\"wpb_wrapper vc_figure\">\n\t\t\t<div class=\"vc_single_image-wrapper   vc_box_border_grey\"><img loading=\"lazy\" decoding=\"async\" width=\"1024\" height=\"682\" src=\"https:\/\/berlintostay.com\/wp-content\/uploads\/2020\/12\/turismo.png\" class=\"vc_single_image-img attachment-full\" alt=\"\" srcset=\"https:\/\/berlintostay.com\/wp-content\/uploads\/2020\/12\/turismo.png 1024w, https:\/\/berlintostay.com\/wp-content\/uploads\/2020\/12\/turismo-300x200.png 300w, https:\/\/berlintostay.com\/wp-content\/uploads\/2020\/12\/turismo-768x512.png 768w, https:\/\/berlintostay.com\/wp-content\/uploads\/2020\/12\/turismo-800x533.png 800w\" sizes=\"(max-width: 1024px) 100vw, 1024px\" data-id=\"13956\" \/><\/div>\n\t\t<\/figure>\n\t<\/div>\n\t\t<\/div>\n\t<\/div>\n<\/div>\n<div class=\"themestek-column wpb_column vc_column_container vc_col-sm-6 themestek-zindex-0\">\n\t<div class=\"vc_column-inner\">\n\t\t\t\t<div class=\"wpb_wrapper\">\n\t\t\t\n\t<div class=\"wpb_text_column wpb_content_element\" >\n\t\t<div class=\"wpb_wrapper\">\n\t\t\t<h5><strong>Tourism in Berlin<\/strong><\/h5>\n<p>- Best Prices and Varied Packages<br \/>\n- Hotel reservations, hostel. Flat apartament (some in Partnerships with us)<br \/>\n- Vehicle reservations<br \/>\n- Transfer from Airport to Hotel;<br \/>\n- Tours with or without tour guide<br \/>\n- Tips from the best Places, bars, pubs, special breweries in Berlin and you get to know all their magic from January to December<\/p>\n<p>We are looking forward to offering you the best service to make Berlin your home away from  home. Come over and see what Berlin has to offer and the reason why the city is considered to be one of the best cities in Europe to go for a walk and to live in.<\/p>\n\n\t\t<\/div>\n\t<\/div>\n\t\t<\/div>\n\t<\/div>\n<\/div>\n\t<\/div>\n<div class=\"themestek-row wpb_row vc_row-fluid vc_rtl-columns-reverse themestek-total-col-1 themestek-zindex-0 vc_row container themestek-bgimage-position-center_center\">\n        \t\t\t\t<div class=\"themestek-column wpb_column vc_column_container vc_col-sm-12 themestek-zindex-0\">\n\t<div class=\"vc_column-inner\">\n\t\t\t\t<div class=\"wpb_wrapper\">\n\t\t\t\n\t<div class=\"wpb_text_column wpb_content_element\" >\n\t\t<div class=\"wpb_wrapper\">\n\t\t\t<p>Berlin will bring you incredible experiences that will stay in your memory.<\/p>\n<p>We look forward to hearing from you. We'll make your visit or stay one of the best.<\/p>\n<p>BERLIN TO STAY It will be always with you!<\/p>\n\n\t\t<\/div>\n\t<\/div>\n\t\t<\/div>\n\t<\/div>\n<\/div>\n\t<\/div>","protected":false},"excerpt":{"rendered":"Consultoria Seu sonho de morar, estudar e fazer sua p\u00f3s-gradua\u00e7\u00e3o, Master, MBA ou trabalhar na sua \u00e1rea na Alemanha! Nossa assiste\u0302ncia prestada compreende diversos servic\u0327os, variando de acordo com as necessidades do cliente, da poli\u0301tica da empresa e da circunsta\u0302ncia em que o profissional esta\u0301 sendo relocado e, principalmente, do orc\u0327amento disponi\u0301vel. \u2013 Locac\u0327a\u0303o de &hellip; <a href=\"https:\/\/berlintostay.com\/en\/servicos\/\" class=\"more-link\">Continue reading <span class=\"screen-reader-text\">Services<\/span><\/a>","protected":false},"author":1,"featured_media":0,"parent":0,"menu_order":0,"comment_status":"closed","ping_status":"closed","template":"","meta":{"footnotes":""},"class_list":["post-13855","page","type-page","status-publish","hentry"],"_links":{"self":[{"href":"https:\/\/berlintostay.com\/en\/wp-json\/wp\/v2\/pages\/13855","targetHints":{"allow":["GET"]}}],"collection":[{"href":"https:\/\/berlintostay.com\/en\/wp-json\/wp\/v2\/pages"}],"about":[{"href":"https:\/\/berlintostay.com\/en\/wp-json\/wp\/v2\/types\/page"}],"author":[{"embeddable":true,"href":"https:\/\/berlintostay.com\/en\/wp-json\/wp\/v2\/users\/1"}],"replies":[{"embeddable":true,"href":"https:\/\/berlintostay.com\/en\/wp-json\/wp\/v2\/comments?post=13855"}],"version-history":[{"count":11,"href":"https:\/\/berlintostay.com\/en\/wp-json\/wp\/v2\/pages\/13855\/revisions"}],"predecessor-version":[{"id":13875,"href":"https:\/\/berlintostay.com\/en\/wp-json\/wp\/v2\/pages\/13855\/revisions\/13875"}],"wp:attachment":[{"href":"https:\/\/berlintostay.com\/en\/wp-json\/wp\/v2\/media?parent=13855"}],"curies":[{"name":"wp","href":"https:\/\/api.w.org\/{rel}","templated":true}]}}